{"id":24654,"date":"2025-10-01T16:06:15","date_gmt":"2025-10-01T14:06:15","guid":{"rendered":"https:\/\/www.franceangels.org\/?page_id=24654"},"modified":"2025-11-26T16:13:03","modified_gmt":"2025-11-26T15:13:03","slug":"semaine-des-business-angels","status":"publish","type":"page","link":"https:\/\/www.franceangels.org\/en\/semaine-des-business-angels\/","title":{"rendered":"Semaine des Business Angels"},"content":{"rendered":"<p>[vc_row][vc_column][vc_column_text]<\/p>\r\n<p><strong>Il y a 20 ans France Angels lan\u00e7ait la semaine des Business Angels <\/strong>comptabilisant\u00a0300 \u00e9v\u00e9nements organis\u00e9s sur ces vingt derni\u00e8res ann\u00e9es.<\/p>\r\n\r\n<p><strong>La semaine des Business Angels, c&#8217;est quoi ?<\/strong> Des \u00e9v\u00e9nements organis\u00e9s partout en France par les r\u00e9seaux membres de France Angels pour promouvoir l&#8217;innovation, l\u2019engagement et l\u2019accompagnement des Business Angels.<\/p>\r\n\r\n<p><strong>C&#8217;est quand ?<\/strong> Du 24 au 28 novembre 2025<\/p>\r\n\r\n<p><strong>Pour qui ?<\/strong> Entrepreneurs, Business Angels, Fonds d&#8217;investissements, Acteurs de l&#8217;innovation vous \u00eates toutes et tous les bienvenues \u00e0 participer aux \u00e9v\u00e9nements.<\/p>\r\n\r\n<p><strong>Merci aux r\u00e9seaux membres de la F\u00e9d\u00e9ration pour leur mobilisation chaque ann\u00e9e<\/strong><\/p>\r\n<p>[\/vc_column_text][\/vc_column][\/vc_row][vc_row][vc_column]<div class=\"smile-icon-timeline-wrap csstime   \"  data-time_sep_bg_color=\"#c9fa5b\"  data-time_sep_color=\"#c9fa5b\" style=\"\"><div class=\"timeline-line \" style=\"border-right-color:#1e3a84;\"><span><\/span><\/div><div class=\"timeline-wrapper\"><div class=\"timeline-block \"><div class=\"timeline-dot\"><\/div><div class=\"ult-timeline-arrow\"><s><\/s><l><\/l><\/div><div class=\"timeline-icon-block\"><div class=\"ult-timeline-icon tl-icon-no-bg\" style=\"   \"><\/div> <!-- icon --><\/div><div class=\"timeline-header-block\" >\n\t\t\t\t\t\t\t<div id=\"timeline-item-9759\" class=\"timeline-header\" style=\"\"><h3 class=\"ult-timeline-title ult-responsive\"  data-ultimate-target='#timeline-item-9759 .ult-timeline-title'  data-responsive-json-new='{\"font-size\":\"\",\"line-height\":\"\"}'  style=\"\">17 novembre<\/h3><div class=\"ult-responsive timeline-item-spt\"  data-ultimate-target='#timeline-item-9759 .timeline-item-spt'  data-responsive-json-new='{\"font-size\":\"\",\"line-height\":\"\"}'  style=\"\"><\/p>\r\n<p>Pl\u00e9ni\u00e8re d&#8217;ouverture avec <strong>SAMBA<\/strong> pour d\u00e9couvrir des startups et le r\u00f4le des Business Angels \u00e0 Chamb\u00e9ry. <em>Inscription via contact@samba-investisseurs.fr\u00a0<\/em><\/p>\r\n<p><\/div><\/div> <!-- header --><\/div><\/div><div class=\"timeline-block \"><div class=\"timeline-dot\"><\/div><div class=\"ult-timeline-arrow\"><s><\/s><l><\/l><\/div><div class=\"timeline-icon-block\"><div class=\"ult-timeline-icon tl-icon-no-bg\" style=\"   \"><\/div> <!-- icon --><\/div><div class=\"timeline-header-block\" >\n\t\t\t\t\t\t\t<div id=\"timeline-item-1532\" class=\"timeline-header\" style=\"\"><h3 class=\"ult-timeline-title ult-responsive\"  data-ultimate-target='#timeline-item-1532 .ult-timeline-title'  data-responsive-json-new='{\"font-size\":\"\",\"line-height\":\"\"}'  style=\"\">18 novembre<\/h3><div class=\"ult-responsive timeline-item-spt\"  data-ultimate-target='#timeline-item-1532 .timeline-item-spt'  data-responsive-json-new='{\"font-size\":\"\",\"line-height\":\"\"}'  style=\"\"><\/p>\r\n<p><a href=\"https:\/\/beyondcapital.events\" target=\"_blank\" rel=\"noopener\"><strong>Beyond Capital<\/strong><\/a>, le rendez-vous incontournable des acteurs du financement de l&#8217;amor\u00e7age organis\u00e9 par <strong>France Angels<\/strong><\/p>\r\n<p><\/div><\/div> <!-- header --><\/div><\/div><div class=\"timeline-block \"><div class=\"timeline-dot\"><\/div><div class=\"ult-timeline-arrow\"><s><\/s><l><\/l><\/div><div class=\"timeline-icon-block\"><div class=\"ult-timeline-icon tl-icon-no-bg\" style=\"   \"><\/div> <!-- icon --><\/div><div class=\"timeline-header-block\" >\n\t\t\t\t\t\t\t<div id=\"timeline-item-8926\" class=\"timeline-header\" style=\"\"><h3 class=\"ult-timeline-title ult-responsive\"  data-ultimate-target='#timeline-item-8926 .ult-timeline-title'  data-responsive-json-new='{\"font-size\":\"\",\"line-height\":\"\"}'  style=\"\">19 novembre<\/h3><div class=\"ult-responsive timeline-item-spt\"  data-ultimate-target='#timeline-item-8926 .timeline-item-spt'  data-responsive-json-new='{\"font-size\":\"\",\"line-height\":\"\"}'  style=\"\"><\/p>\r\n<p>Pl\u00e9ni\u00e8re au c\u00f4t\u00e9 de <strong>Paris Business Angels<\/strong><\/p>\r\n<p>Session de pitch avec <strong>Business Angels Marne Ardennes<\/strong> \u00e0 Reims. <em>Inscription via domitille@ba-ma.fr<\/em><\/p>\r\n<p><\/div><\/div> <!-- header --><\/div><\/div><div class=\"timeline-block \"><div class=\"timeline-dot\"><\/div><div class=\"ult-timeline-arrow\"><s><\/s><l><\/l><\/div><div class=\"timeline-icon-block\"><div class=\"ult-timeline-icon tl-icon-no-bg\" style=\"   \"><\/div> <!-- icon --><\/div><div class=\"timeline-header-block\" >\n\t\t\t\t\t\t\t<div id=\"timeline-item-1807\" class=\"timeline-header\" style=\"\"><h3 class=\"ult-timeline-title ult-responsive\"  data-ultimate-target='#timeline-item-1807 .ult-timeline-title'  data-responsive-json-new='{\"font-size\":\"\",\"line-height\":\"\"}'  style=\"\">20 novembre<\/h3><div class=\"ult-responsive timeline-item-spt\"  data-ultimate-target='#timeline-item-1807 .timeline-item-spt'  data-responsive-json-new='{\"font-size\":\"\",\"line-height\":\"\"}'  style=\"\"><\/p>\r\n<p><a href=\"https:\/\/capitoleangels.fillout.com\/t\/mdbYeQDqLVus\" target=\"_blank\" rel=\"noopener\"><strong>Soir\u00e9e Laur\u00e9ats<\/strong><\/a> 2025 \u00e0 Toulouse au c\u00f4t\u00e9 d&#8217;<strong>Occitanie Angels<\/strong><\/p>\r\n<p>Concours de pitch par <strong>Atlantique Business Angels Booster <\/strong>\u00e0 Nantes<\/p>\r\n<p><\/div><\/div> <!-- header --><\/div><\/div><div class=\"timeline-block \"><div class=\"timeline-dot\"><\/div><div class=\"ult-timeline-arrow\"><s><\/s><l><\/l><\/div><div class=\"timeline-icon-block\"><div class=\"ult-timeline-icon tl-icon-no-bg\" style=\"   \"><\/div> <!-- icon --><\/div><div class=\"timeline-header-block\" >\n\t\t\t\t\t\t\t<div id=\"timeline-item-9988\" class=\"timeline-header\" style=\"\"><h3 class=\"ult-timeline-title ult-responsive\"  data-ultimate-target='#timeline-item-9988 .ult-timeline-title'  data-responsive-json-new='{\"font-size\":\"\",\"line-height\":\"\"}'  style=\"\">24 novembre<\/h3><div class=\"ult-responsive timeline-item-spt\"  data-ultimate-target='#timeline-item-9988 .timeline-item-spt'  data-responsive-json-new='{\"font-size\":\"\",\"line-height\":\"\"}'  style=\"\"><\/p>\r\n<p>Session de pitch &#8211; Comit\u00e9 de S\u00e9lection avec <strong>Occitanie Angels <\/strong>\u00e0 Toulouse. <em>Inscription : communication@occitanie-angels.fr<\/em><\/p>\r\n<p><a href=\"https:\/\/www.eventbrite.com\/e\/dessine-moi-un-b-a-un-evenement-sud-alpes-angels-tickets-1964441619766?aff=oddtdtcreator\" target=\"_blank\" rel=\"noopener\"><strong>Dessine-moi un BA,<\/strong><\/a> un \u00e9v\u00e9nement de <strong>Sud Alpes Angels<\/strong> \u00e0 Gap<\/p>\r\n<p><\/div><\/div> <!-- header --><\/div><\/div><div class=\"timeline-block \"><div class=\"timeline-dot\"><\/div><div class=\"ult-timeline-arrow\"><s><\/s><l><\/l><\/div><div class=\"timeline-icon-block\"><div class=\"ult-timeline-icon tl-icon-no-bg\" style=\"   \"><\/div> <!-- icon --><\/div><div class=\"timeline-header-block\" >\n\t\t\t\t\t\t\t<div id=\"timeline-item-1057\" class=\"timeline-header\" style=\"\"><h3 class=\"ult-timeline-title ult-responsive\"  data-ultimate-target='#timeline-item-1057 .ult-timeline-title'  data-responsive-json-new='{\"font-size\":\"\",\"line-height\":\"\"}'  style=\"\">25 novembre<\/h3><div class=\"ult-responsive timeline-item-spt\"  data-ultimate-target='#timeline-item-1057 .timeline-item-spt'  data-responsive-json-new='{\"font-size\":\"\",\"line-height\":\"\"}'  style=\"\"><\/p>\r\n<p>S\u00e9minaire d&#8217;automne : D\u00e9fense, nouvel Eldorado ? au c\u00f4t\u00e9 de <strong>BFC Angels <\/strong>\u00e0 Dijon<\/p>\r\n<p>Session de pitch avec <strong>Invest Y Angels <\/strong>\u00e0 Versailles. <em>Inscription via contact@invest-y.com<\/em><\/p>\r\n<p><a href=\"https:\/\/docs.google.com\/forms\/d\/e\/1FAIpQLSf16CEiW86DIv4Lmpw1fls8YNCgNGzUyJ1oFkM-riOj_jK-Sw\/viewform\" target=\"_blank\" rel=\"noopener\"><strong>Conf\u00e9rence<\/strong><\/a> &#8220;Investir et Entreprendre au f\u00e9minin&#8221; aupr\u00e8s de <strong>Rh\u00f4ne Vall\u00e9e Angels<\/strong> \u00e0 Valence<\/p>\r\n<p><\/div><\/div> <!-- header --><\/div><\/div><div class=\"timeline-block \"><div class=\"timeline-dot\"><\/div><div class=\"ult-timeline-arrow\"><s><\/s><l><\/l><\/div><div class=\"timeline-icon-block\"><div class=\"ult-timeline-icon tl-icon-no-bg\" style=\"   \"><\/div> <!-- icon --><\/div><div class=\"timeline-header-block\" >\n\t\t\t\t\t\t\t<div id=\"timeline-item-6749\" class=\"timeline-header\" style=\"\"><h3 class=\"ult-timeline-title ult-responsive\"  data-ultimate-target='#timeline-item-6749 .ult-timeline-title'  data-responsive-json-new='{\"font-size\":\"\",\"line-height\":\"\"}'  style=\"\">26 novembre<\/h3><div class=\"ult-responsive timeline-item-spt\"  data-ultimate-target='#timeline-item-6749 .timeline-item-spt'  data-responsive-json-new='{\"font-size\":\"\",\"line-height\":\"\"}'  style=\"\"><\/p>\r\n<p>Soir\u00e9e <a href=\"https:\/\/evenium.events\/w504cq7b\" target=\"_blank\" rel=\"noopener\"><strong>Aerospace Awards<\/strong><\/a> \u00e0 Toulouse avec <strong>Aerospace Angels<\/strong><\/p>\r\n<p><\/div><\/div> <!-- header --><\/div><\/div><div class=\"timeline-block \"><div class=\"timeline-dot\"><\/div><div class=\"ult-timeline-arrow\"><s><\/s><l><\/l><\/div><div class=\"timeline-icon-block\"><div class=\"ult-timeline-icon tl-icon-no-bg\" style=\"   \"><\/div> <!-- icon --><\/div><div class=\"timeline-header-block\" >\n\t\t\t\t\t\t\t<div id=\"timeline-item-9110\" class=\"timeline-header\" style=\"\"><h3 class=\"ult-timeline-title ult-responsive\"  data-ultimate-target='#timeline-item-9110 .ult-timeline-title'  data-responsive-json-new='{\"font-size\":\"\",\"line-height\":\"\"}'  style=\"\">27 novembre<\/h3><div class=\"ult-responsive timeline-item-spt\"  data-ultimate-target='#timeline-item-9110 .timeline-item-spt'  data-responsive-json-new='{\"font-size\":\"\",\"line-height\":\"\"}'  style=\"\"><\/p>\r\n<p>D\u00e9couvrez de nouvelles startups avec <strong>Plateau de Saclay Business Angels<\/strong> \u00e0 Paris<\/p>\r\n<p>Soir\u00e9e <a href=\"https:\/\/docs.google.com\/forms\/d\/e\/1FAIpQLSf2iKFU3-_Ak-1ZV0PypOXgUHLQDUco9BYRcnV3sO4O9vHBJw\/viewform\" target=\"_blank\" rel=\"noopener\"><strong>L&#8217;amor\u00e7age f\u00e9minin<\/strong><\/a> au c\u00f4t\u00e9 de <strong>Grenoble Angels<\/strong> \u00e0 Grenoble<\/p>\r\n<p>Session de pitch avec <strong>Val de France Angels<\/strong> \u00e0 Tours<\/p>\r\n<p><a href=\"https:\/\/airtable.com\/app91GVKCk22TVryL\/shrD0s4AgcHNYGnk6\" target=\"_blank\" rel=\"noopener\"><strong>Workshops<\/strong><\/a> on line SCALE&#8217;UP+ au c\u00f4t\u00e9 de <strong>Force Business Angels<\/strong><\/p>\r\n<p><a href=\"https:\/\/www.eventbrite.fr\/e\/billets-regards-croises-alsace-business-angels-x-reseau-entreprendre-alsace-1869021386279?aff=oddtdtcreator\" target=\"_blank\" rel=\"noopener\"><strong>Regards crois\u00e9s<\/strong><\/a> <strong>Alsace Business Angels<\/strong> x R\u00e9seau Entreprendre Alsace \u00e0 Strasbourg.<\/p>\r\n<p>Pl\u00e9ni\u00e8re d&#8217;<strong>InsurAngels<\/strong> \u00e0 Paris. <em>Inscription via insurangels@insurangels.org<\/em><\/p>\r\n<p><\/div><\/div> <!-- header --><\/div><\/div><div class=\"timeline-block \"><div class=\"timeline-dot\"><\/div><div class=\"ult-timeline-arrow\"><s><\/s><l><\/l><\/div><div class=\"timeline-icon-block\"><div class=\"ult-timeline-icon tl-icon-no-bg\" style=\"   \"><\/div> <!-- icon --><\/div><div class=\"timeline-header-block\" >\n\t\t\t\t\t\t\t<div id=\"timeline-item-7237\" class=\"timeline-header\" style=\"\"><h3 class=\"ult-timeline-title ult-responsive\"  data-ultimate-target='#timeline-item-7237 .ult-timeline-title'  data-responsive-json-new='{\"font-size\":\"\",\"line-height\":\"\"}'  style=\"\">28 novembre<\/h3><div class=\"ult-responsive timeline-item-spt\"  data-ultimate-target='#timeline-item-7237 .timeline-item-spt'  data-responsive-json-new='{\"font-size\":\"\",\"line-height\":\"\"}'  style=\"\"><\/p>\r\n<p><a href=\"https:\/\/airtable.com\/app91GVKCk22TVryL\/shrD0s4AgcHNYGnk6\" target=\"_blank\" rel=\"noopener\"><strong>Workshops<\/strong><\/a> on line SCALE&#8217;UP+ au c\u00f4t\u00e9 de <strong>Val de France Angels<\/strong><\/p>\r\n<p><\/div><\/div> <!-- header --><\/div><\/div><div class=\"timeline-block \"><div class=\"timeline-dot\"><\/div><div class=\"ult-timeline-arrow\"><s><\/s><l><\/l><\/div><div class=\"timeline-icon-block\"><div class=\"ult-timeline-icon tl-icon-no-bg\" style=\"   \"><\/div> <!-- icon --><\/div><div class=\"timeline-header-block\" >\n\t\t\t\t\t\t\t<div id=\"timeline-item-2465\" class=\"timeline-header\" style=\"\"><h3 class=\"ult-timeline-title ult-responsive\"  data-ultimate-target='#timeline-item-2465 .ult-timeline-title'  data-responsive-json-new='{\"font-size\":\"\",\"line-height\":\"\"}'  style=\"\">01 d\u00e9cembre<\/h3><div class=\"ult-responsive timeline-item-spt\"  data-ultimate-target='#timeline-item-2465 .timeline-item-spt'  data-responsive-json-new='{\"font-size\":\"\",\"line-height\":\"\"}'  style=\"\"><\/p>\r\n<p>Session de <a href=\"https:\/\/login.microsoftonline.com\/d98df7c0-89e7-46f8-b7ab-72fe1f6d821f\/saml2\" target=\"_blank\" rel=\"noopener\"><strong>pitch<\/strong><\/a> en ligne avec<strong> INSEAD Business Angels<\/strong><\/p>\r\n<p><\/div><\/div> <!-- header --><\/div><\/div><div class=\"timeline-block \"><div class=\"timeline-dot\"><\/div><div class=\"ult-timeline-arrow\"><s><\/s><l><\/l><\/div><div class=\"timeline-icon-block\"><div class=\"ult-timeline-icon tl-icon-no-bg\" style=\"   \"><\/div> <!-- icon --><\/div><div class=\"timeline-header-block\" >\n\t\t\t\t\t\t\t<div id=\"timeline-item-7107\" class=\"timeline-header\" style=\"\"><h3 class=\"ult-timeline-title ult-responsive\"  data-ultimate-target='#timeline-item-7107 .ult-timeline-title'  data-responsive-json-new='{\"font-size\":\"\",\"line-height\":\"\"}'  style=\"\">02 d\u00e9cembre<\/h3><div class=\"ult-responsive timeline-item-spt\"  data-ultimate-target='#timeline-item-7107 .timeline-item-spt'  data-responsive-json-new='{\"font-size\":\"\",\"line-height\":\"\"}'  style=\"\"><\/p>\r\n<p>Soir\u00e9e pitch avec <strong>Angels Sant\u00e9<\/strong> \u00e0 Paris. <em>Inscription via albane@angelssante.fr<\/em><\/p>\r\n<p><strong><a href=\"https:\/\/docs.google.com\/forms\/d\/e\/1FAIpQLSel6FsvKo-l_7yHUsX7_95sw24dFXuIRVJEm1iBF7iWNCynhQ\/viewform\" target=\"_blank\" rel=\"noopener\">Soir\u00e9e<\/a><\/strong> avec <strong>PME Angels<\/strong> \u00e0 Orl\u00e9ans.<\/p>\r\n<p><\/div><\/div> <!-- header --><\/div><\/div><div class=\"timeline-block \"><div class=\"timeline-dot\"><\/div><div class=\"ult-timeline-arrow\"><s><\/s><l><\/l><\/div><div class=\"timeline-icon-block\"><div class=\"ult-timeline-icon tl-icon-no-bg\" style=\"   \"><\/div> <!-- icon --><\/div><div class=\"timeline-header-block\" >\n\t\t\t\t\t\t\t<div id=\"timeline-item-7562\" class=\"timeline-header\" style=\"\"><h3 class=\"ult-timeline-title ult-responsive\"  data-ultimate-target='#timeline-item-7562 .ult-timeline-title'  data-responsive-json-new='{\"font-size\":\"\",\"line-height\":\"\"}'  style=\"\">03 d\u00e9cembre<\/h3><div class=\"ult-responsive timeline-item-spt\"  data-ultimate-target='#timeline-item-7562 .timeline-item-spt'  data-responsive-json-new='{\"font-size\":\"\",\"line-height\":\"\"}'  style=\"\"><\/p>\r\n<p>Soir\u00e9e pl\u00e9ni\u00e8re, avec <strong>Saint-Etienne Business Angels 42<\/strong> \u00e0 Saint-Etienne<\/p>\r\n<p><\/div><\/div> <!-- header --><\/div><\/div><div class=\"timeline-block \"><div class=\"timeline-dot\"><\/div><div class=\"ult-timeline-arrow\"><s><\/s><l><\/l><\/div><div class=\"timeline-icon-block\"><div class=\"ult-timeline-icon tl-icon-no-bg\" style=\"   \"><\/div> <!-- icon --><\/div><div class=\"timeline-header-block\" >\n\t\t\t\t\t\t\t<div id=\"timeline-item-1541\" class=\"timeline-header\" style=\"\"><h3 class=\"ult-timeline-title ult-responsive\"  data-ultimate-target='#timeline-item-1541 .ult-timeline-title'  data-responsive-json-new='{\"font-size\":\"\",\"line-height\":\"\"}'  style=\"\">04 d\u00e9cembre<\/h3><div class=\"ult-responsive timeline-item-spt\"  data-ultimate-target='#timeline-item-1541 .timeline-item-spt'  data-responsive-json-new='{\"font-size\":\"\",\"line-height\":\"\"}'  style=\"\"><\/p>\r\n<p><a href=\"https:\/\/www.investessor.com\/d-tails-et-inscription\/soiree-des-business-angels-investessor-4-decembre-2025\" target=\"_blank\" rel=\"noopener\"><strong>Soir\u00e9e des Business Angels<\/strong><\/a> avec <strong>Investessor<\/strong> \u00e0 Paris<\/p>\r\n<p><\/div><\/div> <!-- header --><\/div><\/div><\/div><\/div>[\/vc_column][\/vc_row]<\/p>","protected":false},"excerpt":{"rendered":"<p>[vc_row][vc_column][vc_column_text] Il y a 20 ans France Angels lan\u00e7ait la semaine des Business Angels comptabilisant\u00a0300 \u00e9v\u00e9nements organis\u00e9s sur ces vingt derni\u00e8res ann\u00e9es. La semaine des Business Angels, c&#8217;est quoi ? Des \u00e9v\u00e9nements organis\u00e9s partout en France par les r\u00e9seaux membres de France Angels pour promouvoir l&#8217;innovation, l\u2019engagement et l\u2019accompagnement des Business Angels. C&#8217;est quand ?&hellip;<\/p>\n","protected":false},"author":114,"featured_media":0,"parent":0,"menu_order":0,"comment_status":"closed","ping_status":"closed","template":"","meta":{"inline_featured_image":false},"yoast_head":"<!-- This site is optimized with the Yoast SEO plugin v19.7.2 - https:\/\/yoast.com\/wordpress\/plugins\/seo\/ -->\n<title>Semaine des Business Angels - France Angels<\/title>\n<meta name=\"robots\" content=\"index, follow, max-snippet:-1, max-image-preview:large, max-video-preview:-1\" \/>\n<link rel=\"canonical\" href=\"https:\/\/www.franceangels.org\/semaine-des-business-angels\/\" \/>\n<meta property=\"og:locale\" content=\"en_US\" \/>\n<meta property=\"og:type\" content=\"article\" \/>\n<meta property=\"og:title\" content=\"Semaine des Business Angels - France Angels\" \/>\n<meta property=\"og:description\" content=\"[vc_row][vc_column][vc_column_text] Il y a 20 ans France Angels lan\u00e7ait la semaine des Business Angels comptabilisant\u00a0300 \u00e9v\u00e9nements organis\u00e9s sur ces vingt derni\u00e8res ann\u00e9es. La semaine des Business Angels, c&#8217;est quoi ? Des \u00e9v\u00e9nements organis\u00e9s partout en France par les r\u00e9seaux membres de France Angels pour promouvoir l&#8217;innovation, l\u2019engagement et l\u2019accompagnement des Business Angels. C&#8217;est quand ?&hellip;\" \/>\n<meta property=\"og:url\" content=\"https:\/\/www.franceangels.org\/semaine-des-business-angels\/\" \/>\n<meta property=\"og:site_name\" content=\"France Angels\" \/>\n<meta property=\"article:publisher\" content=\"https:\/\/facebook.com\/france.angels\/\" \/>\n<meta property=\"article:modified_time\" content=\"2025-11-26T15:13:03+00:00\" \/>\n<meta name=\"twitter:card\" content=\"summary_large_image\" \/>\n<meta name=\"twitter:site\" content=\"@franceangels\" \/>\n<meta name=\"twitter:label1\" content=\"Est. reading time\" \/>\n\t<meta name=\"twitter:data1\" content=\"3 minutes\" \/>\n<script type=\"application\/ld+json\" class=\"yoast-schema-graph\">{\"@context\":\"https:\/\/schema.org\",\"@graph\":[{\"@type\":\"WebPage\",\"@id\":\"https:\/\/www.franceangels.org\/semaine-des-business-angels\/\",\"url\":\"https:\/\/www.franceangels.org\/semaine-des-business-angels\/\",\"name\":\"Semaine des Business Angels - France Angels\",\"isPartOf\":{\"@id\":\"https:\/\/www.franceangels.org\/#website\"},\"datePublished\":\"2025-10-01T14:06:15+00:00\",\"dateModified\":\"2025-11-26T15:13:03+00:00\",\"breadcrumb\":{\"@id\":\"https:\/\/www.franceangels.org\/semaine-des-business-angels\/#breadcrumb\"},\"inLanguage\":\"en-US\",\"potentialAction\":[{\"@type\":\"ReadAction\",\"target\":[\"https:\/\/www.franceangels.org\/semaine-des-business-angels\/\"]}]},{\"@type\":\"BreadcrumbList\",\"@id\":\"https:\/\/www.franceangels.org\/semaine-des-business-angels\/#breadcrumb\",\"itemListElement\":[{\"@type\":\"ListItem\",\"position\":1,\"name\":\"Accueil\",\"item\":\"https:\/\/www.franceangels.org\/en\/\"},{\"@type\":\"ListItem\",\"position\":2,\"name\":\"Semaine des Business Angels\"}]},{\"@type\":\"WebSite\",\"@id\":\"https:\/\/www.franceangels.org\/#website\",\"url\":\"https:\/\/www.franceangels.org\/\",\"name\":\"France Angels\",\"description\":\"F\u00e9d\u00e9ration Nationale des Business Angels\",\"publisher\":{\"@id\":\"https:\/\/www.franceangels.org\/#organization\"},\"potentialAction\":[{\"@type\":\"SearchAction\",\"target\":{\"@type\":\"EntryPoint\",\"urlTemplate\":\"https:\/\/www.franceangels.org\/?s={search_term_string}\"},\"query-input\":\"required name=search_term_string\"}],\"inLanguage\":\"en-US\"},{\"@type\":\"Organization\",\"@id\":\"https:\/\/www.franceangels.org\/#organization\",\"name\":\"France Angels\",\"url\":\"https:\/\/www.franceangels.org\/\",\"sameAs\":[\"https:\/\/linkedin.com\/company\/france-angels\",\"https:\/\/www.youtube.com\/channel\/UC5_t1C5xO9AloWjY4o5ob_Q\",\"https:\/\/facebook.com\/france.angels\/\",\"https:\/\/twitter.com\/franceangels\"],\"logo\":{\"@type\":\"ImageObject\",\"inLanguage\":\"en-US\",\"@id\":\"https:\/\/www.franceangels.org\/#\/schema\/logo\/image\/\",\"url\":\"https:\/\/www.franceangels.org\/wp-content\/uploads\/2022\/04\/Logo-France-Angels.png\",\"contentUrl\":\"https:\/\/www.franceangels.org\/wp-content\/uploads\/2022\/04\/Logo-France-Angels.png\",\"width\":4033,\"height\":1173,\"caption\":\"France Angels\"},\"image\":{\"@id\":\"https:\/\/www.franceangels.org\/#\/schema\/logo\/image\/\"}}]}<\/script>\n<!-- \/ Yoast SEO plugin. -->","yoast_head_json":{"title":"Semaine des Business Angels - France Angels","robots":{"index":"index","follow":"follow","max-snippet":"max-snippet:-1","max-image-preview":"max-image-preview:large","max-video-preview":"max-video-preview:-1"},"canonical":"https:\/\/www.franceangels.org\/semaine-des-business-angels\/","og_locale":"en_US","og_type":"article","og_title":"Semaine des Business Angels - France Angels","og_description":"[vc_row][vc_column][vc_column_text] Il y a 20 ans France Angels lan\u00e7ait la semaine des Business Angels comptabilisant\u00a0300 \u00e9v\u00e9nements organis\u00e9s sur ces vingt derni\u00e8res ann\u00e9es. La semaine des Business Angels, c&#8217;est quoi ? Des \u00e9v\u00e9nements organis\u00e9s partout en France par les r\u00e9seaux membres de France Angels pour promouvoir l&#8217;innovation, l\u2019engagement et l\u2019accompagnement des Business Angels. C&#8217;est quand ?&hellip;","og_url":"https:\/\/www.franceangels.org\/semaine-des-business-angels\/","og_site_name":"France Angels","article_publisher":"https:\/\/facebook.com\/france.angels\/","article_modified_time":"2025-11-26T15:13:03+00:00","twitter_card":"summary_large_image","twitter_site":"@franceangels","twitter_misc":{"Est. reading time":"3 minutes"},"schema":{"@context":"https:\/\/schema.org","@graph":[{"@type":"WebPage","@id":"https:\/\/www.franceangels.org\/semaine-des-business-angels\/","url":"https:\/\/www.franceangels.org\/semaine-des-business-angels\/","name":"Semaine des Business Angels - France Angels","isPartOf":{"@id":"https:\/\/www.franceangels.org\/#website"},"datePublished":"2025-10-01T14:06:15+00:00","dateModified":"2025-11-26T15:13:03+00:00","breadcrumb":{"@id":"https:\/\/www.franceangels.org\/semaine-des-business-angels\/#breadcrumb"},"inLanguage":"en-US","potentialAction":[{"@type":"ReadAction","target":["https:\/\/www.franceangels.org\/semaine-des-business-angels\/"]}]},{"@type":"BreadcrumbList","@id":"https:\/\/www.franceangels.org\/semaine-des-business-angels\/#breadcrumb","itemListElement":[{"@type":"ListItem","position":1,"name":"Accueil","item":"https:\/\/www.franceangels.org\/en\/"},{"@type":"ListItem","position":2,"name":"Semaine des Business Angels"}]},{"@type":"WebSite","@id":"https:\/\/www.franceangels.org\/#website","url":"https:\/\/www.franceangels.org\/","name":"France Angels","description":"F\u00e9d\u00e9ration Nationale des Business Angels","publisher":{"@id":"https:\/\/www.franceangels.org\/#organization"},"potentialAction":[{"@type":"SearchAction","target":{"@type":"EntryPoint","urlTemplate":"https:\/\/www.franceangels.org\/?s={search_term_string}"},"query-input":"required name=search_term_string"}],"inLanguage":"en-US"},{"@type":"Organization","@id":"https:\/\/www.franceangels.org\/#organization","name":"France Angels","url":"https:\/\/www.franceangels.org\/","sameAs":["https:\/\/linkedin.com\/company\/france-angels","https:\/\/www.youtube.com\/channel\/UC5_t1C5xO9AloWjY4o5ob_Q","https:\/\/facebook.com\/france.angels\/","https:\/\/twitter.com\/franceangels"],"logo":{"@type":"ImageObject","inLanguage":"en-US","@id":"https:\/\/www.franceangels.org\/#\/schema\/logo\/image\/","url":"https:\/\/www.franceangels.org\/wp-content\/uploads\/2022\/04\/Logo-France-Angels.png","contentUrl":"https:\/\/www.franceangels.org\/wp-content\/uploads\/2022\/04\/Logo-France-Angels.png","width":4033,"height":1173,"caption":"France Angels"},"image":{"@id":"https:\/\/www.franceangels.org\/#\/schema\/logo\/image\/"}}]}},"_links":{"self":[{"href":"https:\/\/www.franceangels.org\/en\/wp-json\/wp\/v2\/pages\/24654"}],"collection":[{"href":"https:\/\/www.franceangels.org\/en\/wp-json\/wp\/v2\/pages"}],"about":[{"href":"https:\/\/www.franceangels.org\/en\/wp-json\/wp\/v2\/types\/page"}],"author":[{"embeddable":true,"href":"https:\/\/www.franceangels.org\/en\/wp-json\/wp\/v2\/users\/114"}],"replies":[{"embeddable":true,"href":"https:\/\/www.franceangels.org\/en\/wp-json\/wp\/v2\/comments?post=24654"}],"version-history":[{"count":33,"href":"https:\/\/www.franceangels.org\/en\/wp-json\/wp\/v2\/pages\/24654\/revisions"}],"predecessor-version":[{"id":24938,"href":"https:\/\/www.franceangels.org\/en\/wp-json\/wp\/v2\/pages\/24654\/revisions\/24938"}],"wp:attachment":[{"href":"https:\/\/www.franceangels.org\/en\/wp-json\/wp\/v2\/media?parent=24654"}],"curies":[{"name":"wp","href":"https:\/\/api.w.org\/{rel}","templated":true}]}}